{"id":16,"date":"2018-12-14T22:53:52","date_gmt":"2018-12-14T21:53:52","guid":{"rendered":"http:\/\/lgc-associes.com\/?page_id=16"},"modified":"2019-01-07T17:31:16","modified_gmt":"2019-01-07T16:31:16","slug":"accueil","status":"publish","type":"page","link":"https:\/\/old.lgc-associes.com\/","title":{"rendered":"BIENVENUE"},"content":{"rendered":"<p><span style=\"color: #333333;\">LGC est une structure de conseil et d\u2019accompagnement strat\u00e9gique et op\u00e9rationnel qui intervient aupr\u00e8s des organes de d\u00e9cisions et des dirigeants, en participant notamment \u00e0 l\u2019\u00e9laboration de la strat\u00e9gie financi\u00e8re et actionnariale.\u00a0<\/span><\/p>\n\n\n<p><\/p>\n","protected":false},"excerpt":{"rendered":"<p>LGC est une structure de conseil et d\u2019accompagnement strat\u00e9gique et op\u00e9rationnel qui intervient aupr\u00e8s des organes de d\u00e9cisions et des dirigeants, en participant notamment \u00e0 l\u2019\u00e9laboration de la strat\u00e9gie financi\u00e8re et actionnariale.\u00a0<\/p>\n","protected":false},"author":1,"featured_media":0,"parent":0,"menu_order":0,"comment_status":"closed","ping_status":"closed","template":"","meta":{"footnotes":""},"class_list":["post-16","page","type-page","status-publish","hentry"],"_links":{"self":[{"href":"https:\/\/old.lgc-associes.com\/index.php?rest_route=\/wp\/v2\/pages\/16","targetHints":{"allow":["GET"]}}],"collection":[{"href":"https:\/\/old.lgc-associes.com\/index.php?rest_route=\/wp\/v2\/pages"}],"about":[{"href":"https:\/\/old.lgc-associes.com\/index.php?rest_route=\/wp\/v2\/types\/page"}],"author":[{"embeddable":true,"href":"https:\/\/old.lgc-associes.com\/index.php?rest_route=\/wp\/v2\/users\/1"}],"replies":[{"embeddable":true,"href":"https:\/\/old.lgc-associes.com\/index.php?rest_route=%2Fwp%2Fv2%2Fcomments&post=16"}],"version-history":[{"count":10,"href":"https:\/\/old.lgc-associes.com\/index.php?rest_route=\/wp\/v2\/pages\/16\/revisions"}],"predecessor-version":[{"id":240,"href":"https:\/\/old.lgc-associes.com\/index.php?rest_route=\/wp\/v2\/pages\/16\/revisions\/240"}],"wp:attachment":[{"href":"https:\/\/old.lgc-associes.com\/index.php?rest_route=%2Fwp%2Fv2%2Fmedia&parent=16"}],"curies":[{"name":"wp","href":"https:\/\/api.w.org\/{rel}","templated":true}]}}