{"id":168,"date":"2018-12-17T16:50:41","date_gmt":"2018-12-17T15:50:41","guid":{"rendered":"https:\/\/lgc-associes.com\/?page_id=168"},"modified":"2018-12-18T10:43:04","modified_gmt":"2018-12-18T09:43:04","slug":"privacy-policy","status":"publish","type":"page","link":"https:\/\/old.lgc-associes.com\/?page_id=168&lang=en","title":{"rendered":"privacy policy"},"content":{"rendered":"\n<p><strong>L\u2019utilisation de ce site est soumise \u00e0 la r\u00e9glementation en vigueur et aux pr\u00e9sentes conditions d\u2019utilisation. Ces derni\u00e8res \u00e9tant mises \u00e0 jour r\u00e9guli\u00e8rement, vous \u00eates invit\u00e9 \u00e0 consulter cette page \u00e0 l\u2019occasion de chaque connexion au site.<\/strong><\/p>\n\n\n\n<p><strong>Propri\u00e9t\u00e9 et responsabilit\u00e9 \u00e9ditoriale<\/strong><\/p>\n\n\n\n<p>Le pr\u00e9sent site est la propri\u00e9t\u00e9\nde&nbsp;:<\/p>\n\n\n\n<p>LGC SAS,\u00a0 33, rue de la R\u00e9publique, 69002 LYON<\/p>\n\n\n\n<p>Tel&nbsp;: +33&nbsp;610&nbsp;011 010<\/p>\n\n\n\n<p>E-mail&nbsp;:&nbsp;<a href=\"mailto:contact@lgc-associes.com\">contact@lgc-associes.com<\/a><\/p>\n\n\n\n<p>Le directeur de la publication du\npr\u00e9sent site est Fabrice Guarneri en sa qualit\u00e9 de Pr\u00e9sident de LGC SAS.<\/p>\n\n\n\n<p><strong>R\u00e9alisation technique du site Internet<\/strong><\/p>\n\n\n\n<p>Market Industrie, agence de Marketing Op\u00e9rationnel\n\u2013 61, Rue de la Coppinerie \u2013 17220 Bourgneuf \u2013 Email&nbsp;: contact@mkt-i.com<\/p>\n\n\n\n<p>Ce site est r\u00e9alis\u00e9 avec le syst\u00e8me de gestion du contenu WordPress,&nbsp;<a href=\"https:\/\/fr.wordpress.com\/\">https:\/\/fr.wordpress.com<\/a><\/p>\n\n\n\n<p><strong>H\u00e9bergement du site<\/strong><\/p>\n\n\n\n<p>L\u2019h\u00e9bergement du pr\u00e9sent site est assur\u00e9 par<\/p>\n\n\n\n<p>OVH, 2 rue Kellermann, 59100 Roubaix, T\u00e9l. +33 9 72 10 10 07<\/p>\n\n\n\n<p><strong>Copyright<\/strong><\/p>\n\n\n\n<p>Conform\u00e9ment aux textes et dispositions r\u00e9gissant les droits d\u2019auteurs, les droits de propri\u00e9t\u00e9 litt\u00e9raire et artistique et\/ou les droits voisins, la reproduction, la repr\u00e9sentation et l\u2019usage de tout ou partie des \u00e9l\u00e9ments composant le site&nbsp;<a href=\"https:\/\/ui125cbuvmc.preview.infomaniak.website\">https:\/\/ui125cbuvmc.preview.infomaniak.website<\/a>&nbsp;\u00e0 des fins autres que priv\u00e9es sont interdites sans autorisation \u00e9crite de l\u2019\u00e9diteur du site. Les images et les textes diffus\u00e9s sur ce site sont la propri\u00e9t\u00e9 exclusive de la soci\u00e9t\u00e9 LGC ou sont diffus\u00e9s avec l\u2019autorisation de leurs propri\u00e9taires,et sont soumis aux droits d\u2019auteurs et autres droits de propri\u00e9t\u00e9 intellectuelle. Ils ne peuvent en aucun cas \u00eatre t\u00e9l\u00e9charg\u00e9es, diffus\u00e9es,stock\u00e9es, enregistr\u00e9es, r\u00e9utilis\u00e9es, retransmises, modifi\u00e9es et plus g\u00e9n\u00e9ralement utilis\u00e9es \u00e0 d\u2019autres fins ou d\u2019une autre mani\u00e8re que celles express\u00e9ment mentionn\u00e9es aux pr\u00e9sentes, sans l\u2019autorisation \u00e9crite pr\u00e9alable de l\u2019\u00e9diteur du site.<\/p>\n\n\n\n<p>La loi incrimine au titre du d\u00e9lit de contrefa\u00e7on toute reproduction, repr\u00e9sentation ou diffusion, par quelque moyen que ce soit, d\u2019une oeuvre de l\u2019esprit en violation des droits de l\u2019auteur, tel qu\u2019ils sont d\u00e9finis et r\u00e9glement\u00e9s par la loi (CPI, art L.335-3).<\/p>\n\n\n\n<p><strong>Caract\u00e8re des informations contenues dans\nle site<\/strong><\/p>\n\n\n\n<p>Les informations pr\u00e9sentes sur ce site Web n\u2019ont qu\u2019un caract\u00e8re indicatif et ni leur contenu ni leur exactitude ne peuvent \u00eatre garantis. Ces informations n\u2019engagent pas contractuellement la soci\u00e9t\u00e9 LGC SAS<\/p>\n\n\n\n<p><strong>La soci\u00e9t\u00e9 LGC SAS d\u00e9cline toute responsabilit\u00e9 sur les d\u00e9cisions qui pourraient \u00eatre prises \u00e0 partir de ces informations. Le contenu du site est susceptible de modification sans pr\u00e9avis.<\/strong><\/p>\n\n\n\n<p><strong>Dysfonctionnement et virus<\/strong><\/p>\n\n\n\n<p>La soci\u00e9t\u00e9 LGC SAS ne pourra \u00eatre tenue responsable de dommages directs ou indirects, pertes ou frais, r\u00e9sultant de l\u2019utilisation de ce site Web, ou de l\u2019impossibilit\u00e9 pour un tiers de l\u2019utiliser, ou d\u2019un mauvais fonctionnement, d\u2019une interruption, d\u2019un virus, ou encore d\u2019un probl\u00e8me de ligne ou de syst\u00e8me.<\/p>\n\n\n\n<p><strong>Donn\u00e9es personnelles<\/strong><\/p>\n\n\n\n<p>Pour vous offrir des services adapt\u00e9s, nous pouvons \u00eatre amen\u00e9s \u00e0 vous demander de nous fournir des donn\u00e9es personnelles. la soci\u00e9t\u00e9 LGC SAS s\u2019engage \u00e0 respecter votre vie priv\u00e9e et \u00e0 prot\u00e9ger les informations que vous lui communiquez. En particulier, les donn\u00e9es personnelles collect\u00e9es sur le site sont destin\u00e9es \u00e0 l\u2019usage de la soci\u00e9t\u00e9 LGC SAS Elles sont confidentielles et trait\u00e9es comme telles. Elles ne pourront faire l\u2019objet de cession \u00e0 des tiers.<\/p>\n\n\n\n<p>Conform\u00e9ment \u00e0 la loi Informatique et Libert\u00e9s du 6 Janvier 1978, modifi\u00e9e par la loi du 6 Ao\u00fbt 2004, vous disposez d\u2019un droit d\u2019acc\u00e8s, de rectification, de modification et de suppression des donn\u00e9es personnelles que vous nous avez communiqu\u00e9es. Vous pouvez exercer ce droit en envoyant un courrier \u00e9lectronique \u00e0&nbsp;<a href=\"mailto:contact@lgc-associes.com\">contact@lgc-associes.com<\/a>&nbsp;.<\/p>\n\n\n\n<p><strong>Liens hypertextes : responsabilit\u00e9<\/strong><\/p>\n\n\n\n<p>Les liens hypertextes pr\u00e9sents sur le site orientant les utilisateurs vers d\u2019autres sites Internet n\u2019engagent pas la responsabilit\u00e9 de la soci\u00e9t\u00e9 LGC SAS quant au contenu (qualit\u00e9, v\u00e9racit\u00e9,pertinence) de ces sites, ni des difficult\u00e9s que pourrait rencontrer l\u2019Internaute pour y acc\u00e9der. Toute personne physique ou morale souhaitant que soit \u00e9tabli un lien (adresse de son site) \u00e0 partir de notre site, doit pr\u00e9alablement en demander l\u2019autorisation.<\/p>\n\n\n\n<p>L\u2019\u00e9tablissement de lien vers notre site ne requiert pas d\u2019autorisation. La soci\u00e9t\u00e9 <br>LGC SAS d\u00e9gage toute responsabilit\u00e9 dans ce cas.<\/p>\n\n\n\n<p><strong>Pour toute question relative \u00e0\nl\u2019utilisation de ce site internet, adressez-vous par courriel \u00e0&nbsp;<\/strong>&nbsp;<a href=\"mailto:contact@lgc-associes.com\">contact@lgc-associes.com<\/a><\/p>\n\n\n\n<p><\/p>\n","protected":false},"excerpt":{"rendered":"<p>L\u2019utilisation de ce site est soumise \u00e0 la r\u00e9glementation en vigueur et aux pr\u00e9sentes conditions d\u2019utilisation. Ces derni\u00e8res \u00e9tant mises \u00e0 jour r\u00e9guli\u00e8rement, vous \u00eates invit\u00e9 \u00e0 consulter cette page \u00e0 l\u2019occasion de chaque connexion au site. Propri\u00e9t\u00e9 et responsabilit\u00e9 \u00e9ditoriale Le pr\u00e9sent site est la propri\u00e9t\u00e9 de&nbsp;: LGC SAS,\u00a0 33, rue de la R\u00e9publique, &hellip; <\/p>\n<p class=\"link-more\"><a href=\"https:\/\/old.lgc-associes.com\/?page_id=168&#038;lang=en\" class=\"more-link\">Continuer la lecture<span class=\"screen-reader-text\"> de &laquo;&nbsp;privacy policy&nbsp;&raquo;<\/span><\/a><\/p>\n","protected":false},"author":1,"featured_media":213,"parent":0,"menu_order":0,"comment_status":"closed","ping_status":"closed","template":"","meta":{"footnotes":""},"class_list":["post-168","page","type-page","status-publish","has-post-thumbnail","hentry"],"_links":{"self":[{"href":"https:\/\/old.lgc-associes.com\/index.php?rest_route=\/wp\/v2\/pages\/168","targetHints":{"allow":["GET"]}}],"collection":[{"href":"https:\/\/old.lgc-associes.com\/index.php?rest_route=\/wp\/v2\/pages"}],"about":[{"href":"https:\/\/old.lgc-associes.com\/index.php?rest_route=\/wp\/v2\/types\/page"}],"author":[{"embeddable":true,"href":"https:\/\/old.lgc-associes.com\/index.php?rest_route=\/wp\/v2\/users\/1"}],"replies":[{"embeddable":true,"href":"https:\/\/old.lgc-associes.com\/index.php?rest_route=%2Fwp%2Fv2%2Fcomments&post=168"}],"version-history":[{"count":6,"href":"https:\/\/old.lgc-associes.com\/index.php?rest_route=\/wp\/v2\/pages\/168\/revisions"}],"predecessor-version":[{"id":216,"href":"https:\/\/old.lgc-associes.com\/index.php?rest_route=\/wp\/v2\/pages\/168\/revisions\/216"}],"wp:featuredmedia":[{"embeddable":true,"href":"https:\/\/old.lgc-associes.com\/index.php?rest_route=\/wp\/v2\/media\/213"}],"wp:attachment":[{"href":"https:\/\/old.lgc-associes.com\/index.php?rest_route=%2Fwp%2Fv2%2Fmedia&parent=168"}],"curies":[{"name":"wp","href":"https:\/\/api.w.org\/{rel}","templated":true}]}}