{"id":17,"date":"2018-12-14T22:53:52","date_gmt":"2018-12-14T21:53:52","guid":{"rendered":"http:\/\/lgc-associes.com\/?page_id=17"},"modified":"2019-01-07T17:38:37","modified_gmt":"2019-01-07T16:38:37","slug":"a-propos-de","status":"publish","type":"page","link":"https:\/\/old.lgc-associes.com\/?page_id=17","title":{"rendered":"Fabrice Guarneri"},"content":{"rendered":"<p>Associ\u00e9-Fondateur<\/p>\n<p>Dipl\u00f4m\u00e9 de l\u2019ESC ROUEN<\/p>\n<p>Titulaire d&#8217;un Master de Droit des Affaires.<\/p>\n<p>18 ans d\u2019exp\u00e9rience au sein de banques d\u2019investissement et d\u2019affaires.<\/p>\n<p>Conseil au sein de PME \/ ETI industrielles depuis 3 ans.<\/p>\n<p>Conseil aupr\u00e8s d\u2019un holding d&#8217;investissement.<\/p>\n\n\n<p><\/p>\n","protected":false},"excerpt":{"rendered":"<p>Associ\u00e9-Fondateur Dipl\u00f4m\u00e9 de l\u2019ESC ROUEN Titulaire d&#8217;un Master de Droit des Affaires. 18 ans d\u2019exp\u00e9rience au sein de banques d\u2019investissement et d\u2019affaires. Conseil au sein de PME \/ ETI industrielles depuis 3 ans. Conseil aupr\u00e8s d\u2019un holding d&#8217;investissement.<\/p>\n","protected":false},"author":1,"featured_media":31,"parent":0,"menu_order":0,"comment_status":"closed","ping_status":"closed","template":"","meta":{"footnotes":""},"class_list":["post-17","page","type-page","status-publish","has-post-thumbnail","hentry"],"_links":{"self":[{"href":"https:\/\/old.lgc-associes.com\/index.php?rest_route=\/wp\/v2\/pages\/17","targetHints":{"allow":["GET"]}}],"collection":[{"href":"https:\/\/old.lgc-associes.com\/index.php?rest_route=\/wp\/v2\/pages"}],"about":[{"href":"https:\/\/old.lgc-associes.com\/index.php?rest_route=\/wp\/v2\/types\/page"}],"author":[{"embeddable":true,"href":"https:\/\/old.lgc-associes.com\/index.php?rest_route=\/wp\/v2\/users\/1"}],"replies":[{"embeddable":true,"href":"https:\/\/old.lgc-associes.com\/index.php?rest_route=%2Fwp%2Fv2%2Fcomments&post=17"}],"version-history":[{"count":8,"href":"https:\/\/old.lgc-associes.com\/index.php?rest_route=\/wp\/v2\/pages\/17\/revisions"}],"predecessor-version":[{"id":248,"href":"https:\/\/old.lgc-associes.com\/index.php?rest_route=\/wp\/v2\/pages\/17\/revisions\/248"}],"wp:featuredmedia":[{"embeddable":true,"href":"https:\/\/old.lgc-associes.com\/index.php?rest_route=\/wp\/v2\/media\/31"}],"wp:attachment":[{"href":"https:\/\/old.lgc-associes.com\/index.php?rest_route=%2Fwp%2Fv2%2Fmedia&parent=17"}],"curies":[{"name":"wp","href":"https:\/\/api.w.org\/{rel}","templated":true}]}}